{"id":16,"date":"2018-12-23T17:35:20","date_gmt":"2018-12-23T16:35:20","guid":{"rendered":"http:\/\/artcad.be\/?page_id=16"},"modified":"2023-01-06T16:02:42","modified_gmt":"2023-01-06T15:02:42","slug":"biographie","status":"publish","type":"page","link":"https:\/\/artcad.be\/","title":{"rendered":"Biographie"},"content":{"rendered":"\n<p>N\u00e9 en Belgique en 1953, Christian Cadelli appartient \u00e0 une famille d&#8217;artisans sculpteurs et \u00e9b\u00e9nistes&nbsp;originaires du Frioul&nbsp;\u2013&nbsp;son p\u00e8re \u00e9tait dipl\u00f4m\u00e9 de l&#8217;Acad\u00e9mie des Beaux-arts de Bruxelles. C&#8217;est dans l&#8217;atelier de ce dernier qu&#8217;il a \u00e9t\u00e9 initi\u00e9 au travail du gypse.<\/p>\n\n\n\n<p>Depuis lors, il a abord\u00e9 d&#8217;autres techniques (soudage,&nbsp;dinanderie,&nbsp;travail de la pierre, modelage),&nbsp;et travaill\u00e9 des mat\u00e9riaux vari\u00e9s (pierre,&nbsp;fer, bronze,&nbsp;cuivre, bois, cuir, os, cuir).&nbsp;Les \u0153uvres d\u2019Alberto Giacometti,&nbsp;Demetre&nbsp;Chiparus&nbsp;et Alfons Mucha stimulent particuli\u00e8rement son travail.<\/p>\n\n\n\n<p>Ses&nbsp;compositions&nbsp;les plus r\u00e9centes, fond\u00e9es sur une pratique rarement usit\u00e9e d\u2019assemblage&nbsp;de pierres naturelles, de terres cuites et\/ou de bois&nbsp;avec du gypse,&nbsp;proposent des amalgames originaux et&nbsp;ajust\u00e9s pour chacune de ses sculptures. Elles sont d\u00e9lib\u00e9r\u00e9ment figuratives, se concentrent sur des th\u00e9matiques humanistes et travaillent parfois aux limites de la sculpture&nbsp;lorsqu\u2019elles donnent \u00e0 sentir une qu\u00eate explicite de mouvement ou de sonorit\u00e9.<\/p>\n\n\n\n<p>Christian Cadelli a expos\u00e9, entre autres, dans la galerie&nbsp;Pjez&nbsp;Unik&nbsp;\u00e0 Anvers, \u00e0 la Galerie La Capitale \u00e0 Paris, \u00e0 la Galerie&nbsp;Liehrmann&nbsp;\u00e0 Li\u00e8ge, \u00e0 la Galerie 713 \u00e0 Knokke, \u00e0 la Galerie&nbsp;Visus&nbsp;\u00e0&nbsp;Lasne, \u00e0 la Galerie&nbsp;Rozendaal&nbsp;de Montfort (Pays-Bas).<\/p>\n\n\n\n<p>Il a pris part \u00e0 la Triennale de la sculpture d\u2019Anvers&nbsp;en 2016.&nbsp;<br>Ses \u0153uvres ont aussi figur\u00e9 aux AAF (Affordable&nbsp;Art&nbsp;Fair) de Bruxelles, Singapour, Hong Kong, Milan, Amsterdam, Londres et Hambourg.&nbsp;<\/p>\n\n\n\n<p>Il vit et travaille \u00e0&nbsp;Evrehailles, dans la vall\u00e9e de la Meuse. Son atelier peut \u00eatre visit\u00e9 sur rendez-vous&nbsp;(christian.cadelli@skynet.be).<\/p>\n\n\n\n<p><\/p>\n","protected":false},"excerpt":{"rendered":"<p>N\u00e9 en Belgique en 1953, Christian Cadelli appartient \u00e0 une famille d&#8217;artisans sculpteurs et \u00e9b\u00e9nistes&nbsp;originaires du Frioul&nbsp;\u2013&nbsp;son p\u00e8re \u00e9tait dipl\u00f4m\u00e9 de l&#8217;Acad\u00e9mie des Beaux-arts de Bruxelles. C&#8217;est dans l&#8217;atelier de ce dernier qu&#8217;il a \u00e9t\u00e9 initi\u00e9 au travail du gypse. Depuis lors, il a abord\u00e9 d&#8217;autres techniques (soudage,&nbsp;dinanderie,&nbsp;travail de la pierre, modelage),&nbsp;et travaill\u00e9 des mat\u00e9riaux &hellip; <\/p>\n<p class=\"link-more\"><a href=\"https:\/\/artcad.be\/\" class=\"more-link\">Continue reading<span class=\"screen-reader-text\"> &#8220;Biographie&#8221;<\/span><\/a><\/p>\n","protected":false},"author":1,"featured_media":113,"parent":0,"menu_order":0,"comment_status":"closed","ping_status":"closed","template":"","meta":[],"_links":{"self":[{"href":"https:\/\/artcad.be\/index.php\/wp-json\/wp\/v2\/pages\/16"}],"collection":[{"href":"https:\/\/artcad.be\/index.php\/wp-json\/wp\/v2\/pages"}],"about":[{"href":"https:\/\/artcad.be\/index.php\/wp-json\/wp\/v2\/types\/page"}],"author":[{"embeddable":true,"href":"https:\/\/artcad.be\/index.php\/wp-json\/wp\/v2\/users\/1"}],"replies":[{"embeddable":true,"href":"https:\/\/artcad.be\/index.php\/wp-json\/wp\/v2\/comments?post=16"}],"version-history":[{"count":3,"href":"https:\/\/artcad.be\/index.php\/wp-json\/wp\/v2\/pages\/16\/revisions"}],"predecessor-version":[{"id":166,"href":"https:\/\/artcad.be\/index.php\/wp-json\/wp\/v2\/pages\/16\/revisions\/166"}],"wp:featuredmedia":[{"embeddable":true,"href":"https:\/\/artcad.be\/index.php\/wp-json\/wp\/v2\/media\/113"}],"wp:attachment":[{"href":"https:\/\/artcad.be\/index.php\/wp-json\/wp\/v2\/media?parent=16"}],"curies":[{"name":"wp","href":"https:\/\/api.w.org\/{rel}","templated":true}]}}